{"id":18657,"date":"2024-05-24T13:14:19","date_gmt":"2024-05-24T11:14:19","guid":{"rendered":"https:\/\/tirzepatyd.store\/?page_id=18657"},"modified":"2025-04-09T21:34:59","modified_gmt":"2025-04-09T19:34:59","slug":"aminokwasy","status":"publish","type":"page","link":"https:\/\/tirzepatyd.store\/de\/aminokwasy\/","title":{"rendered":"Aminos\u00e4uren"},"content":{"rendered":"<p class=\"has-medium-font-size\">Aminos\u00e4uren sind essentielle organische Verbindungen, die eine \u00e4u\u00dferst wichtige Rolle f\u00fcr das Funktionieren des menschlichen K\u00f6rpers spielen. Ihre Bedeutung f\u00fcr Gesundheit und Fitness ist unbestreitbar. In diesem Artikel werden wir die Vorteile von Aminos\u00e4uren f\u00fcr den K\u00f6rper und ihre Auswirkungen auf verschiedene Prozesse in unserem K\u00f6rper diskutieren.<\/p>\n\n\n\n<figure class=\"wp-block-image size-full\"><img decoding=\"async\" src=\"https:\/\/tirzepatyd.store\/wp-content\/uploads\/2024\/05\/16444.jpg\" alt=\"aminokwasy modele chemiczne \" class=\"wp-image-18820\" \/><\/figure>\n\n\n\n<h2 class=\"wp-block-heading\">Was sind Aminos\u00e4uren?<\/h2>\n\n\n\n<p class=\"has-medium-font-size\">Aminos\u00e4uren sind organisch-chemische Verbindungen, die aus Kohlenstoff-, Wasserstoff-, Sauerstoff-, Stickstoff- und manchmal Schwefelatomen bestehen. Es gibt zwanzig verschiedene Aminos\u00e4uren, von denen neun exogen sind, d. h. der K\u00f6rper kann sie nicht selbst synthetisieren und muss sie mit der Nahrung aufnehmen.<\/p>\n\n\n\n<h2 class=\"wp-block-heading\">Schl\u00fcsselfunktionen von Aminos\u00e4uren<\/h2>\n\n\n\n<p class=\"has-medium-font-size\"><strong>Gewebestruktur und -reparatur<\/strong><\/p>\n\n\n\n<p class=\"has-medium-font-size\">Aminos\u00e4uren haben eine Schl\u00fcsselfunktion beim Aufbau und bei der Reparatur des K\u00f6rpergewebes. Die Proteine, aus denen sie hergestellt werden, sind f\u00fcr die Zellregeneration und den Aufbau von Muskeln, Haut, Haaren, N\u00e4geln und anderen Geweben unerl\u00e4sslich.<\/p>\n\n\n\n<p class=\"has-medium-font-size\"><strong>Unterst\u00fctzung von Stoffwechselprozessen<\/strong><\/p>\n\n\n\n<p class=\"has-medium-font-size\">Einige Aminos\u00e4uren haben eine wichtige Funktion bei Stoffwechselvorg\u00e4ngen, z. B. bei der Blutzuckerregulierung, der Hormon- oder Enzymsynthese sowie dem Transport und der Speicherung von N\u00e4hrstoffen.<\/p>\n\n\n\n<p class=\"has-medium-font-size\"><strong>St\u00e4rkung des Immunsystems<\/strong><\/p>\n\n\n\n<p class=\"has-medium-font-size\">Aminos\u00e4uren spielen eine wichtige Rolle bei der Produktion von Antik\u00f6rpern, die f\u00fcr die Bek\u00e4mpfung von Infektionen und Krankheiten unerl\u00e4sslich sind. Eine regelm\u00e4\u00dfige Zufuhr ausreichender Mengen an Aminos\u00e4uren kann das Immunsystem bei der Bek\u00e4mpfung von Infektionen unterst\u00fctzen.<\/p>\n\n\n\n<p class=\"has-medium-font-size\"><strong>Stressabbau und Stimmungsaufhellung<\/strong><\/p>\n\n\n\n<p class=\"has-medium-font-size\">Einige Aminos\u00e4uren, wie z. B. Tryptophan, sind Vorstufen von Neurotransmittern, die die Stimmung und das Gef\u00fchl der Zufriedenheit regulieren. Der regelm\u00e4\u00dfige Verzehr von Lebensmitteln, die reich an Aminos\u00e4uren sind, kann dazu beitragen, Stress abzubauen und die Stimmung zu verbessern.<\/p>\n\n\n\n<h2 class=\"wp-block-heading\">Beliebte Aminos\u00e4uren und ihr Nutzen<\/h2>\n\n\n\n<p class=\"has-medium-font-size\"><strong>L-Leucin<\/strong><\/p>\n\n\n\n<p class=\"has-medium-font-size\">L-Leucin ist eine verzweigtkettige Aminos\u00e4ure (BCAA), die eine Schl\u00fcsselrolle bei der Muskelproteinsynthese spielt. Der regelm\u00e4\u00dfige Verzehr von L-Leucin kann zum Aufbau und zur Regeneration von Muskeln beitragen, was f\u00fcr k\u00f6rperlich aktive Menschen und \u00e4ltere Menschen, die Schwierigkeiten haben, ihre Muskelmasse zu erhalten, wichtig ist.<\/p>\n\n\n\n<p class=\"has-medium-font-size\"><strong>L-Arginin<\/strong><\/p>\n\n\n\n<p class=\"has-medium-font-size\">L-Arginin ist eine Vorstufe von Stickstoffmonoxid (NO), das eine wichtige Funktion bei der Regulierung des Blutflusses und der Erweiterung der Blutgef\u00e4\u00dfe hat. Der regelm\u00e4\u00dfige Verzehr von L-Arginin kann die kardiovaskul\u00e4re Gesundheit unterst\u00fctzen und die k\u00f6rperliche Leistungsf\u00e4higkeit verbessern.<\/p>\n\n\n\n<p class=\"has-medium-font-size\"><strong>L-Glutamin<\/strong><\/p>\n\n\n\n<p class=\"has-medium-font-size\">L-Glutamin ist eine Aminos\u00e4ure, die f\u00fcr die Verbesserung des Verdauungssystems, insbesondere des Darms, unerl\u00e4sslich ist. Sie beschleunigt die Heilung. Sie ist auch eine wichtige Energiequelle f\u00fcr die Darmzellen. Der regelm\u00e4\u00dfige Verzehr von L-Glutamin kann die Gesundheit des Verdauungssystems und den Wundheilungsprozess unterst\u00fctzen.<\/p>\n\n\n\n<h3 class=\"wp-block-heading\">Aminos\u00e4uren - Zusammenfassung<\/h3>\n\n\n\n<p class=\"has-medium-font-size\">Aminos\u00e4uren sind essenzielle N\u00e4hrstoffe, die im menschlichen K\u00f6rper wichtige Funktionen erf\u00fcllen. Ihr regelm\u00e4\u00dfiger Verzehr kann viele Vorteile f\u00fcr Gesundheit und Fitness mit sich bringen, darunter eine verbesserte Muskelgesundheit, die Unterst\u00fctzung des Immunsystems und eine bessere Stimmung. Daher lohnt es sich, eine ausreichende Zufuhr von Aminos\u00e4uren durch eine ausgewogene Ern\u00e4hrung oder durch Nahrungserg\u00e4nzungsmittel sicherzustellen.<\/p>\n\n\n\n<p><a href=\"https:\/\/www.ncbi.nlm.nih.gov\/books\/NBK557845\/\">Quelle<\/a><\/p>","protected":false},"excerpt":{"rendered":"<p>Aminokwasy to podstawowe zwi\u0105zki organiczne, kt\u00f3re odgrywaj\u0105 niezwykle istotn\u0105 rol\u0119&hellip;<\/p>\n<p> <a class=\"more-link\" href=\"https:\/\/tirzepatyd.store\/de\/aminokwasy\/\">Weiterlesen<\/a><\/p>","protected":false},"author":4,"featured_media":0,"parent":0,"menu_order":0,"comment_status":"closed","ping_status":"closed","template":"","meta":{"footnotes":""},"class_list":["post-18657","page","type-page","status-publish"],"aioseo_notices":[],"_links":{"self":[{"href":"https:\/\/tirzepatyd.store\/de\/wp-json\/wp\/v2\/pages\/18657","targetHints":{"allow":["GET"]}}],"collection":[{"href":"https:\/\/tirzepatyd.store\/de\/wp-json\/wp\/v2\/pages"}],"about":[{"href":"https:\/\/tirzepatyd.store\/de\/wp-json\/wp\/v2\/types\/page"}],"author":[{"embeddable":true,"href":"https:\/\/tirzepatyd.store\/de\/wp-json\/wp\/v2\/users\/4"}],"replies":[{"embeddable":true,"href":"https:\/\/tirzepatyd.store\/de\/wp-json\/wp\/v2\/comments?post=18657"}],"version-history":[{"count":2,"href":"https:\/\/tirzepatyd.store\/de\/wp-json\/wp\/v2\/pages\/18657\/revisions"}],"predecessor-version":[{"id":27341,"href":"https:\/\/tirzepatyd.store\/de\/wp-json\/wp\/v2\/pages\/18657\/revisions\/27341"}],"wp:attachment":[{"href":"https:\/\/tirzepatyd.store\/de\/wp-json\/wp\/v2\/media?parent=18657"}],"curies":[{"name":"wp","href":"https:\/\/api.w.org\/{rel}","templated":true}]}}