{"id":65729,"date":"2026-04-18T14:16:31","date_gmt":"2026-04-18T12:16:31","guid":{"rendered":"https:\/\/tirzepatyd.store\/?page_id=65729"},"modified":"2026-04-18T15:05:12","modified_gmt":"2026-04-18T13:05:12","slug":"peptydy-badawcze","status":"publish","type":"page","link":"https:\/\/tirzepatyd.store\/de\/peptydy-badawcze\/","title":{"rendered":"Forschung Peptide"},"content":{"rendered":"\t\t<div data-elementor-type=\"wp-page\" data-elementor-id=\"65729\" class=\"elementor elementor-65729\">\n\t\t\t\t\t\t<section class=\"elementor-section elementor-top-section elementor-element elementor-element-2e9a218 elementor-section-stretched elementor-section-content-middle elementor-section-boxed elementor-section-height-default elementor-section-height-default\" data-id=\"2e9a218\" data-element_type=\"section\" data-settings=\"{&quot;stretch_section&quot;:&quot;section-stretched&quot;,&quot;background_background&quot;:&quot;slideshow&quot;,&quot;background_slideshow_gallery&quot;:[{&quot;id&quot;:64808,&quot;url&quot;:&quot;https:\\\/\\\/tirzepatyd.store\\\/wp-content\\\/uploads\\\/2026\\\/04\\\/grafika2.JPG&quot;}],&quot;background_slideshow_loop&quot;:&quot;yes&quot;,&quot;background_slideshow_slide_duration&quot;:5000,&quot;background_slideshow_slide_transition&quot;:&quot;fade&quot;,&quot;background_slideshow_transition_duration&quot;:500}\">\n\t\t\t\t\t\t<div class=\"elementor-container elementor-column-gap-default\">\n\t\t\t\t\t<div class=\"elementor-column elementor-col-100 elementor-top-column elementor-element elementor-element-cada83a\" data-id=\"cada83a\" data-element_type=\"column\">\n\t\t\t<div class=\"elementor-widget-wrap elementor-element-populated\">\n\t\t\t\t\t\t<div class=\"elementor-element elementor-element-005d150 elementor-widget elementor-widget-heading\" data-id=\"005d150\" data-element_type=\"widget\" data-widget_type=\"heading.default\">\n\t\t\t\t<div class=\"elementor-widget-container\">\n\t\t\t\t\t<h2 class=\"elementor-heading-title elementor-size-default\">Peptydy badawcze klasy laboratoryjnej \u2013 czysto\u015b\u0107, jako\u015b\u0107 i precyzja<\/h2>\t\t\t\t<\/div>\n\t\t\t\t<\/div>\n\t\t\t\t\t<\/div>\n\t\t<\/div>\n\t\t\t\t\t<\/div>\n\t\t<\/section>\n\t\t\t\t<\/div>\n\t\t","protected":false},"excerpt":{"rendered":"<p>Forschungspeptide in Laborqualit\u00e4t - Reinheit, Qualit\u00e4t und Pr\u00e4zision<\/p>","protected":false},"author":14,"featured_media":0,"parent":0,"menu_order":0,"comment_status":"closed","ping_status":"closed","template":"","meta":{"footnotes":""},"class_list":["post-65729","page","type-page","status-publish"],"aioseo_notices":[],"_links":{"self":[{"href":"https:\/\/tirzepatyd.store\/de\/wp-json\/wp\/v2\/pages\/65729","targetHints":{"allow":["GET"]}}],"collection":[{"href":"https:\/\/tirzepatyd.store\/de\/wp-json\/wp\/v2\/pages"}],"about":[{"href":"https:\/\/tirzepatyd.store\/de\/wp-json\/wp\/v2\/types\/page"}],"author":[{"embeddable":true,"href":"https:\/\/tirzepatyd.store\/de\/wp-json\/wp\/v2\/users\/14"}],"replies":[{"embeddable":true,"href":"https:\/\/tirzepatyd.store\/de\/wp-json\/wp\/v2\/comments?post=65729"}],"version-history":[{"count":13,"href":"https:\/\/tirzepatyd.store\/de\/wp-json\/wp\/v2\/pages\/65729\/revisions"}],"predecessor-version":[{"id":65787,"href":"https:\/\/tirzepatyd.store\/de\/wp-json\/wp\/v2\/pages\/65729\/revisions\/65787"}],"wp:attachment":[{"href":"https:\/\/tirzepatyd.store\/de\/wp-json\/wp\/v2\/media?parent=65729"}],"curies":[{"name":"wp","href":"https:\/\/api.w.org\/{rel}","templated":true}]}}