{"id":65733,"date":"2026-04-18T14:37:57","date_gmt":"2026-04-18T12:37:57","guid":{"rendered":"https:\/\/tirzepatyd.store\/?page_id=65733"},"modified":"2026-04-18T15:04:07","modified_gmt":"2026-04-18T13:04:07","slug":"aminokwasy-badawcze","status":"publish","type":"page","link":"https:\/\/tirzepatyd.store\/de\/aminokwasy-badawcze\/","title":{"rendered":"Forschung Aminos\u00e4uren"},"content":{"rendered":"\t\t<div data-elementor-type=\"wp-page\" data-elementor-id=\"65733\" class=\"elementor elementor-65733\">\n\t\t\t\t\t\t<section class=\"elementor-section elementor-top-section elementor-element elementor-element-026d978 elementor-section-stretched elementor-section-content-middle elementor-section-boxed elementor-section-height-default elementor-section-height-default\" data-id=\"026d978\" data-element_type=\"section\" data-settings=\"{&quot;stretch_section&quot;:&quot;section-stretched&quot;,&quot;background_background&quot;:&quot;slideshow&quot;,&quot;background_slideshow_gallery&quot;:[{&quot;id&quot;:65770,&quot;url&quot;:&quot;https:\\\/\\\/tirzepatyd.store\\\/wp-content\\\/uploads\\\/2026\\\/04\\\/Laboratory-peptides-eu-2-scaled-e1776517190891.png&quot;}],&quot;background_slideshow_loop&quot;:&quot;yes&quot;,&quot;background_slideshow_slide_duration&quot;:5000,&quot;background_slideshow_slide_transition&quot;:&quot;fade&quot;,&quot;background_slideshow_transition_duration&quot;:500}\">\n\t\t\t\t\t\t<div class=\"elementor-container elementor-column-gap-default\">\n\t\t\t\t\t<div class=\"elementor-column elementor-col-100 elementor-top-column elementor-element elementor-element-f5f828d\" data-id=\"f5f828d\" data-element_type=\"column\">\n\t\t\t<div class=\"elementor-widget-wrap elementor-element-populated\">\n\t\t\t\t\t\t<div class=\"elementor-element elementor-element-0d44e3b elementor-widget elementor-widget-heading\" data-id=\"0d44e3b\" data-element_type=\"widget\" data-widget_type=\"heading.default\">\n\t\t\t\t<div class=\"elementor-widget-container\">\n\t\t\t\t\t<h2 class=\"elementor-heading-title elementor-size-default\">Aminokwasy badawcze klasy premium \u2013 jako\u015b\u0107, kt\u00f3rej mo\u017cna zaufa\u0107\n<\/h2>\t\t\t\t<\/div>\n\t\t\t\t<\/div>\n\t\t\t\t\t<\/div>\n\t\t<\/div>\n\t\t\t\t\t<\/div>\n\t\t<\/section>\n\t\t\t\t<\/div>\n\t\t","protected":false},"excerpt":{"rendered":"<p>Aminokwasy badawcze klasy premium \u2013 jako\u015b\u0107, kt\u00f3rej mo\u017cna zaufa\u0107<\/p>","protected":false},"author":14,"featured_media":0,"parent":0,"menu_order":0,"comment_status":"closed","ping_status":"closed","template":"","meta":{"footnotes":""},"class_list":["post-65733","page","type-page","status-publish"],"aioseo_notices":[],"_links":{"self":[{"href":"https:\/\/tirzepatyd.store\/de\/wp-json\/wp\/v2\/pages\/65733","targetHints":{"allow":["GET"]}}],"collection":[{"href":"https:\/\/tirzepatyd.store\/de\/wp-json\/wp\/v2\/pages"}],"about":[{"href":"https:\/\/tirzepatyd.store\/de\/wp-json\/wp\/v2\/types\/page"}],"author":[{"embeddable":true,"href":"https:\/\/tirzepatyd.store\/de\/wp-json\/wp\/v2\/users\/14"}],"replies":[{"embeddable":true,"href":"https:\/\/tirzepatyd.store\/de\/wp-json\/wp\/v2\/comments?post=65733"}],"version-history":[{"count":4,"href":"https:\/\/tirzepatyd.store\/de\/wp-json\/wp\/v2\/pages\/65733\/revisions"}],"predecessor-version":[{"id":65784,"href":"https:\/\/tirzepatyd.store\/de\/wp-json\/wp\/v2\/pages\/65733\/revisions\/65784"}],"wp:attachment":[{"href":"https:\/\/tirzepatyd.store\/de\/wp-json\/wp\/v2\/media?parent=65733"}],"curies":[{"name":"wp","href":"https:\/\/api.w.org\/{rel}","templated":true}]}}